{"id":2,"date":"2025-03-27T11:04:03","date_gmt":"2025-03-27T11:04:03","guid":{"rendered":"https:\/\/pyrab.se\/?page_id=2"},"modified":"2025-05-26T14:22:31","modified_gmt":"2025-05-26T14:22:31","slug":"sample-page","status":"publish","type":"page","link":"https:\/\/pyrab.se\/","title":{"rendered":"Home"},"content":{"rendered":"<div data-block=\"hero\" class=\"acf-hero relative -top-20 left-0 w-full z-20 -mb-20\">\n    <div class=\"swiper-hero w-full h-[900px] relative bg-dark overflow-hidden pt-32\">\n        <div class=\"absolute inset-0 h-full swiper-hero-container\">\n                            <div class=\"swiper-wrapper\">\n                                            <div class=\"swiper-slide\">\n                                                            <img decoding=\"async\"\n                                    src=\"https:\/\/pyrab.se\/wp-content\/uploads\/2025\/05\/1H7A8974-3.jpg\"\n                                    alt=\"\"\n                                    class=\"object-cover object-center w-full h-full brightness-50\"\n                                >\n                                                    <\/div>\n                                            <div class=\"swiper-slide\">\n                                                            <img decoding=\"async\"\n                                    src=\"https:\/\/pyrab.se\/wp-content\/uploads\/2025\/05\/1H7A8852-2.jpg\"\n                                    alt=\"\"\n                                    class=\"object-cover object-center w-full h-full brightness-50\"\n                                >\n                                                    <\/div>\n                                            <div class=\"swiper-slide\">\n                                                            <img decoding=\"async\"\n                                    src=\"https:\/\/pyrab.se\/wp-content\/uploads\/2025\/05\/1H7A8837-Edit.jpg\"\n                                    alt=\"\"\n                                    class=\"object-cover object-center w-full h-full brightness-50\"\n                                >\n                                                    <\/div>\n                                            <div class=\"swiper-slide\">\n                                                            <img decoding=\"async\"\n                                    src=\"https:\/\/pyrab.se\/wp-content\/uploads\/2025\/03\/pexels-skylar-kang-6375882-scaled.jpg\"\n                                    alt=\"\"\n                                    class=\"object-cover object-center w-full h-full brightness-50\"\n                                >\n                                                    <\/div>\n                                    <\/div>\n                    <\/div>\n        <div class=\"container absolute inset-0 z-10 h-full gap-8 py-12 lg:py-24 mx-auto\">\n                            <div class=\"swiper-pagination swiper-hero-pagination md:pr-6 lg:pr-0\"><\/div>\n                        <div class=\"flex flex-col justify-end h-full gap-12 max-sm:pr-12\">\n                <div class=\"grid gap-4 text-white\">\n                    <h1 class=\"heading-xl max-w-3xl\">Installationer, service och support av premiumsystem f\u00f6r flis, pellets och ved<\/h1>\n                    <p class=\"body-lg md:w-2\/3 lg:w-1\/3\">\n                        PYRAB \u00e4r specialister p\u00e5 moderna biobr\u00e4nslepannor och hj\u00e4lper dig med allt fr\u00e5n installation till l\u00e5ngsiktig service. Oavsett om du driver ett lantbruk eller ansvarar f\u00f6r en st\u00f6rre fastighet erbjuder vi v\u00e4rmel\u00f6sningar i toppklass &#8211; byggda f\u00f6r p\u00e5litlig drift, h\u00f6g prestanda och l\u00e5ng livsl\u00e4ngd.\n                    <\/p>\n                <\/div>\n                                    <div>\n                        <a href=\"#contact\" class=\"btn-primary\">Boka service<\/a>\n                    <\/div>\n                            <\/div>\n        <\/div>\n    <\/div>\n<\/div>\n\n\n<div data-block=\"image-text-block\" class=\"acf-image-text-block bg-black mb-16\">\n    <div class=\"container mx-auto py-10 sm:py-[90px]\">\n        <div class=\"grid grid-cols-1 lg:grid-cols-2 gap-8 items-start lg:[grid-auto-flow:dense]\">\n            \n            <div class=\"flex flex-col gap-6 text-white max-w-2xl lg:col-start-2\">\n                <h2 class=\"heading-xl\">Vi finns n\u00e4r du beh\u00f6ver oss &#8211; \u00e5ret runt, i hela landet<\/h2>\n                <div class=\"body-base wysiwyg\"><p>V\u00e5ra erfarna servicetekniker erbjuder b\u00e5de schemalagd service och snabb hj\u00e4lp vid akuta \u00e4renden. Du f\u00e5r en partner som inte bara installerar, utan ocks\u00e5 ser till att ditt v\u00e4rmesystem presterar p\u00e5 topp \u2013 s\u00e4song efter s\u00e4song.<\/p>\n<p>PYRAB \u00e4r exklusiv servicepartner till marknadens ledande akt\u00f6rer av biobr\u00e4nslepannor. Vi arbetar uteslutande med \u00f6sterrikiska premiumsystem och Europas mest p\u00e5litliga leverant\u00f6rer av kringutrustning. Vi vet vad som kr\u00e4vs f\u00f6r att s\u00e4kerst\u00e4lla drift, ekonomi och l\u00e5ngsiktig h\u00e5llbarhet f\u00f6r ditt v\u00e4rmesystem.<\/p>\n<\/div>\n            <\/div>\n\n            \n            <div class=\"w-full h-[301px] max-w-[590px] lg:col-start-1\">\n                                    <video class=\"w-full h-full object-cover aspect-[4\/3]\" autoplay loop muted playsinline>\n                        <source src=\"https:\/\/pyrab.se\/wp-content\/uploads\/2025\/03\/6093241-uhd_3840_2160_24fps.mp4\" type=\"video\/mp4\">\n                                            <\/video>\n                            <\/div>\n        <\/div>\n    <\/div>\n<\/div>\n\n\n<div id=\"contact\" data-block=\"contact-form\" class=\"acf-contact-form bg-white py-8 sm:py-12 flex flex-col lg:flex-row gap-12 container mx-auto sn:py-8\">\n    <div class=\"flex flex-col gap-y-3 max-w-xl xl:max-w-3xl lg:pr-12\">\n        <h2 class=\"heading-md\">Experter p\u00e5 \u00f6sterrikiska biopannor &#8211; snabb service och support<\/h2>\n        <p class=\"body-base\"> <p data-start=\"1407\" data-end=\"1674\">Har ni behov av hj\u00e4lp eller assistans fr\u00e5n en servicetekniker? Skicka ett mail till service@pyrab.se.<\/p>\n<p data-start=\"1407\" data-end=\"1674\">Beskriv kortfattat ert \u00e4rende (bifoga g\u00e4rna bilder) och l\u00e4mna era kontaktuppgifter. Vi \u00e5terkommer till er s\u00e5 snart som m\u00f6jligt, \u00e4ven utanf\u00f6r kontorstid d\u00e5 vi har jourbevakning p\u00e5 v\u00e5r mailbox. Vid akuta \u00e4renden, skriver ni &#8220;Akut&#8221; i \u00e4mnesraden.<\/p>\n<p data-start=\"1407\" data-end=\"1674\">Har ni inte m\u00f6jlighet att skriva ett mail, kan ni ringa v\u00e5r v\u00e4xel p\u00e5 0410-404 70. V\u00e4nligen notera att v\u00e4xeln har \u00f6ppet mellan kl.7-16, och det kan vara perioder n\u00e4r det \u00e4r sv\u00e5rare att komma fram d\u00e5 v\u00e5ra tekniker sitter upptagna i servicesamtal.<\/p>\n<p data-start=\"1407\" data-end=\"1674\">F\u00f6r snabbare \u00e5terkoppling rekommenderar vi alltid att ni mailar in ert \u00e4rende eller fyller i uppgifterna i formul\u00e4ret s\u00e5 kontaktar vi dig.<\/p>\n<p data-start=\"1407\" data-end=\"1674\"><strong>Supporttekniker jobbar:<\/strong><\/p>\n<p data-start=\"1407\" data-end=\"1674\">M\u00e5ndag-Fredag: kl 07:00 &#8211; 16:00<\/p>\n<p data-start=\"1903\" data-end=\"2013\">Vid support\u00e4renden, fels\u00f6kningshj\u00e4lp och akuta \u00e4renden via telefon\/fj\u00e4rrsupport som ej faller under garantin debiterar vi 380:-\/h p\u00e5 varje p\u00e5b\u00f6rjad timme under ordinarie arbetstid och 750:-\/h under \u00f6vrig tid f\u00f6r telefonsupport. Service\u00e4rende ute hos kund debiteras, vardagar 780:-\/h och \u00f6vrig tid 1500:-\/h. Priser \u00e4r exklusive moms. Resor tillkommer.<\/p>\n<\/p>\n    <\/div>\n    <div class=\"flex flex-col gap-y-8\">\n        <h2 class=\"heading-sm\">Ring oss, maila eller skicka en bokningsf\u00f6rfr\u00e5gan via formul\u00e4ret nedan.<\/h2>\n        <div class=\"contact-form\">\n<div class=\"wpcf7 no-js\" id=\"wpcf7-f19-o1\" lang=\"en-US\" dir=\"ltr\" data-wpcf7-id=\"19\">\n<div class=\"screen-reader-response\"><p role=\"status\" aria-live=\"polite\" aria-atomic=\"true\"><\/p> <ul><\/ul><\/div>\n<form action=\"\/index.php?rest_route=%2Fwp%2Fv2%2Fpages%2F2#wpcf7-f19-o1\" method=\"post\" class=\"wpcf7-form init\" aria-label=\"Contact form\" novalidate=\"novalidate\" data-status=\"init\">\n<fieldset class=\"hidden-fields-container\"><input type=\"hidden\" name=\"_wpcf7\" value=\"19\" \/><input type=\"hidden\" name=\"_wpcf7_version\" value=\"6.1.5\" \/><input type=\"hidden\" name=\"_wpcf7_locale\" value=\"en_US\" \/><input type=\"hidden\" name=\"_wpcf7_unit_tag\" value=\"wpcf7-f19-o1\" \/><input type=\"hidden\" name=\"_wpcf7_container_post\" value=\"0\" \/><input type=\"hidden\" name=\"_wpcf7_posted_data_hash\" value=\"\" \/>\n<\/fieldset>\n<div class=\"wpcf7-turnstile cf-turnstile\" data-sitekey=\"0x4AAAAAAB33EXk1sy9emCol\" data-response-field-name=\"_wpcf7_turnstile_response\"><\/div>\n\n<div class=\"form-row\">\n\t<div>\n\t\t<p><label> F\u00f6rnamn* <\/label><br \/>\n<span class=\"wpcf7-form-control-wrap\" data-name=\"FirstName\"><input size=\"40\" maxlength=\"400\" class=\"wpcf7-form-control wpcf7-text wpcf7-validates-as-required\" aria-required=\"true\" aria-invalid=\"false\" value=\"\" type=\"text\" name=\"FirstName\" \/><\/span>\n\t\t<\/p>\n\t<\/div>\n\t<div>\n\t\t<p><label> Efternamn* <\/label><br \/>\n<span class=\"wpcf7-form-control-wrap\" data-name=\"Lastname\"><input size=\"40\" maxlength=\"400\" class=\"wpcf7-form-control wpcf7-text wpcf7-validates-as-required\" aria-required=\"true\" aria-invalid=\"false\" value=\"\" type=\"text\" name=\"Lastname\" \/><\/span>\n\t\t<\/p>\n\t<\/div>\n<\/div>\n<p><label> E-post* <\/label><br \/>\n<span class=\"wpcf7-form-control-wrap\" data-name=\"your-email\"><input size=\"40\" maxlength=\"400\" class=\"wpcf7-form-control wpcf7-email wpcf7-validates-as-required wpcf7-text wpcf7-validates-as-email\" aria-required=\"true\" aria-invalid=\"false\" value=\"\" type=\"email\" name=\"your-email\" \/><\/span><br \/>\n<label> Telefonummer* <\/label><br \/>\n<span class=\"wpcf7-form-control-wrap\" data-name=\"your-tel\"><input size=\"40\" maxlength=\"400\" class=\"wpcf7-form-control wpcf7-tel wpcf7-validates-as-required wpcf7-text wpcf7-validates-as-tel\" aria-required=\"true\" aria-invalid=\"false\" value=\"\" type=\"tel\" name=\"your-tel\" \/><\/span><br \/>\n<label> Beskriv ditt \u00e4rende* <\/label><br \/>\n<span class=\"wpcf7-form-control-wrap\" data-name=\"your-message\"><textarea cols=\"40\" rows=\"10\" maxlength=\"2000\" class=\"wpcf7-form-control wpcf7-textarea\" aria-invalid=\"false\" name=\"your-message\"><\/textarea><\/span>\n<\/p>\n<div class=\"form-button\">\n\t<p><input class=\"wpcf7-form-control wpcf7-submit has-spinner\" type=\"submit\" value=\"Skicka bokningsf\u00f6rfr\u00e5gan\" \/>\n\t<\/p>\n<\/div><div class=\"wpcf7-response-output\" aria-hidden=\"true\"><\/div>\n<\/form>\n<\/div>\n<\/div>\n    <\/div>\n<\/div>\n","protected":false},"excerpt":{"rendered":"","protected":false},"author":1,"featured_media":0,"parent":0,"menu_order":0,"comment_status":"closed","ping_status":"open","template":"","meta":{"_acf_changed":false,"footnotes":""},"class_list":["post-2","page","type-page","status-publish","hentry"],"acf":[],"_links":{"self":[{"href":"https:\/\/pyrab.se\/index.php?rest_route=\/wp\/v2\/pages\/2","targetHints":{"allow":["GET"]}}],"collection":[{"href":"https:\/\/pyrab.se\/index.php?rest_route=\/wp\/v2\/pages"}],"about":[{"href":"https:\/\/pyrab.se\/index.php?rest_route=\/wp\/v2\/types\/page"}],"author":[{"embeddable":true,"href":"https:\/\/pyrab.se\/index.php?rest_route=\/wp\/v2\/users\/1"}],"replies":[{"embeddable":true,"href":"https:\/\/pyrab.se\/index.php?rest_route=%2Fwp%2Fv2%2Fcomments&post=2"}],"version-history":[{"count":43,"href":"https:\/\/pyrab.se\/index.php?rest_route=\/wp\/v2\/pages\/2\/revisions"}],"predecessor-version":[{"id":78,"href":"https:\/\/pyrab.se\/index.php?rest_route=\/wp\/v2\/pages\/2\/revisions\/78"}],"wp:attachment":[{"href":"https:\/\/pyrab.se\/index.php?rest_route=%2Fwp%2Fv2%2Fmedia&parent=2"}],"curies":[{"name":"wp","href":"https:\/\/api.w.org\/{rel}","templated":true}]}}